{"id":917,"date":"2024-10-18T14:33:24","date_gmt":"2024-10-18T13:33:24","guid":{"rendered":"https:\/\/francifitness.com\/declaracion-de-privacidad-us\/"},"modified":"2024-10-18T14:33:24","modified_gmt":"2024-10-18T13:33:24","slug":"declaracion-de-privacidad-us","status":"publish","type":"page","link":"https:\/\/francifitness.com\/es\/declaracion-de-privacidad-us\/","title":{"rendered":"Declaraci\u00f3n de privacidad (US)"},"content":{"rendered":"\n<!-- Legal document generated by Complianz | GDPR\/CCPA Cookie Consent https:\/\/wordpress.org\/plugins\/complianz-gdpr -->\n<div id=\"cmplz-document\" class=\"cmplz-document privacy-statement cmplz-document-us\"><p><i>This privacy statement was last changed on 18 noviembre 2024, last checked on 18 noviembre 2024, and applies to citizens and legal permanent residents of the United States.<\/i><br \/><br \/><\/p><p>In this privacy statement, we explain what we do with the data we obtain about you via <a href=\"https:\/\/francifitness.com\/es\/\">https:\/\/francifitness.com\/es\/<\/a>. We recommend you carefully read this statement. In our processing we comply with the requirements of privacy legislation. That means, among other things, that:<ul>\n                <li>we clearly state the purposes for which we process personal data. We do this by means of this privacy statement;<\/li>\n                <li>we aim to limit our collection of personal data to only the personal data required for legitimate purposes;<\/li>\n                <li>we first request your explicit consent to process your personal data in cases requiring your consent;<\/li>\n                <li>we take appropriate security measures to protect your personal data and also require this from parties that process personal data on our behalf;<\/li>\n                <li>we respect your right to access your personal data or have it corrected or deleted, at your request.<\/li>\n            <\/ul><\/p><p>If you have any questions, or want to know exactly what data we keep of you, please contact us.<\/p><h2>1. Finalidad y categor\u00edas de datos<\/h2><p>Podemos recopilar o recibir informaci\u00f3n personal para un n\u00famero de prop\u00f3sitos relacionados con nuestras operaciones comerciales, que pueden incluir lo siguiente: (haga clic para expandir) <\/b><\/p><details class=\"cmplz-dropdown dropdown-privacy-statement\"><summary><div><h3>1.1 Registrando una cuenta<\/h3><\/div><\/summary><p class=\"cmplz-subtitle\">Las siguientes categor\u00edas de datos son recopiladas<\/p><p><ul><li>Un nombre y apellido<\/li><li>Nombre de cuenta o alias<\/li><li>Una direcci\u00f3n de correo electr\u00f3nico<\/li><li>Un n\u00famero de tel\u00e9fono<\/li><\/ul><\/p><p class=\"cmplz-subtitle\">Per\u00edodo de retenci\u00f3n<\/p><p>Determinamos el per\u00edodo de retenci\u00f3n de acuerdo con criterios objetivos fijos: Quando il cliente elimina il proprio account<\/p><\/details><details class=\"cmplz-dropdown dropdown-privacy-statement\"><summary><div><h3>1.2 Boletines de noticias<\/h3><\/div><\/summary><p class=\"cmplz-subtitle\">Las siguientes categor\u00edas de datos son recopiladas<\/p><p><ul><li>Un nombre y apellido<\/li><li>Una direcci\u00f3n de correo electr\u00f3nico<\/li><\/ul><\/p><p class=\"cmplz-subtitle\">Per\u00edodo de retenci\u00f3n<\/p><p>Determinamos el per\u00edodo de retenci\u00f3n de acuerdo con criterios objetivos fijos: Quando il cliente si disiscrive<\/p><\/details><details class=\"cmplz-dropdown dropdown-privacy-statement\"><summary><div><h3>1.3 Contacto - Por tel\u00e9fono, correo, correo electr\u00f3nico y\/o formularios en el sitio<\/h3><\/div><\/summary><p class=\"cmplz-subtitle\">Las siguientes categor\u00edas de datos son recopiladas<\/p><p><ul><li>Un nombre y apellido<\/li><li>Una direcci\u00f3n de correo electr\u00f3nico<\/li><li>Un n\u00famero de tel\u00e9fono<\/li><li>Direcci\u00f3n IP<\/li><\/ul><\/p><p class=\"cmplz-subtitle\">Per\u00edodo de retenci\u00f3n<\/p><p>Una vez finalizado el servicio, conservaremos estos datos durante el siguiente per\u00edodo: 6 mesi.<\/p><\/details><details class=\"cmplz-dropdown dropdown-privacy-statement\"><summary><div><h3>1.4 Para dar soporte a servicios o productos que un cliente quiere comprar o ha comprado<\/h3><\/div><\/summary><p class=\"cmplz-subtitle\">Las siguientes categor\u00edas de datos son recopiladas<\/p><p><ul><li>Un nombre y apellido<\/li><li>Una direcci\u00f3n de casa u otra direcci\u00f3n f\u00edsica, incluyendo el nombre de la calle y el nombre de una ciudad o pueblo<\/li><li>Una direcci\u00f3n de correo electr\u00f3nico<\/li><li>Un n\u00famero de tel\u00e9fono<\/li><li>Direcci\u00f3n IP<\/li><li>Informaci\u00f3n sobre la actividad en internet, incluyendo, pero sin limitarse a, el historial de navegaci\u00f3n, el historial de b\u00fasqueda y la informaci\u00f3n relacionada con la interacci\u00f3n de un consumidor con una web, aplicaci\u00f3n o anuncio en internet<\/li><li>Fecha de nacimiento<\/li><\/ul><\/p><p class=\"cmplz-subtitle\">Per\u00edodo de retenci\u00f3n<\/p><p>Retendremos estos datos hasta que el servicio sea cancelado.<\/p><\/details><details class=\"cmplz-dropdown dropdown-privacy-statement\"><summary><div><h3>1.5 Recopilaci\u00f3n y an\u00e1lisis de estad\u00edsticas para la mejora de la web.<\/h3><\/div><\/summary><p class=\"cmplz-subtitle\">Las siguientes categor\u00edas de datos son recopiladas<\/p><p><ul><li>Direcci\u00f3n IP<\/li><li>Informaci\u00f3n sobre la actividad en internet, incluyendo, pero sin limitarse a, el historial de navegaci\u00f3n, el historial de b\u00fasqueda y la informaci\u00f3n relacionada con la interacci\u00f3n de un consumidor con una web, aplicaci\u00f3n o anuncio en internet<\/li><li>Datos de geolocalizaci\u00f3n<\/li><\/ul><\/p><p class=\"cmplz-subtitle\">Per\u00edodo de retenci\u00f3n<\/p><p>Una vez finalizado el servicio, conservaremos estos datos durante el siguiente per\u00edodo: 1 anno.<\/p><\/details><h2>2. Sharing with other parties<\/h2><p>We only share or disclose this data to other recipients for the following purposes:<\/p><p><b>Purpose of the data transfer:<\/b>&nbsp;<br \/>\n             <b>Country or state in which this service provider is located:<\/b>&nbsp;<br \/><\/p><h2>3. Disclosure practices<\/h2><p><p>Divulgamos informaci\u00f3n personal si nos lo exige la ley o una orden judicial, en respuesta a un organismo encargado de hacer cumplir la ley, en la medida en que lo permitan otras disposiciones legales, para proporcionar informaci\u00f3n o para una investigaci\u00f3n sobre un asunto relacionado con la seguridad p\u00fablica.<\/p><p>Si nuestro sitio web o nuestra organizaci\u00f3n son adquiridos, vendidos o participan en una fusi\u00f3n o adquisici\u00f3n, sus datos podr\u00e1n ser revelados a nuestros asesores y a los posibles compradores, y se transmitir\u00e1n a los nuevos propietarios.<\/p><\/p><h2>4. How we respond to Do Not Track signals &amp; Global Privacy Control <\/h2><p>Our website does not respond to and does not support the Do Not Track (DNT) header request field.<\/p><h2>5. Cookies<\/h2><p>Our website uses cookies. For more information about cookies, please refer to our Cookie Policy on our <a href=\"https:\/\/francifitness.com\/es\/preferencias-de-exclusion\/\">Preferencias de exclusi\u00f3n<\/a> webpage.&nbsp;<\/p><h2>6. Security<\/h2><p>We are committed to the security of personal data. We take appropriate security measures to limit abuse of and unauthorized access to personal data. This ensures that only the necessary persons have access to your data, that access to the data is protected, and that our security measures are regularly reviewed.<\/p><h2>7. Third-party websites<\/h2><p>This privacy statement does not apply to third-party websites connected by links on our website. We cannot guarantee that these third parties handle your personal data in a reliable or secure manner. We recommend you read the privacy statements of these websites prior to making use of these websites.<\/p><h2>8. Amendments to this privacy statement<\/h2><p>We reserve the right to make amendments to this privacy statement. It is recommended that you consult this privacy statement regularly in order to be aware of any changes. In addition, we will actively inform you wherever possible.<\/p><h2>9. Accessing and modifying your data<\/h2><p>If you have any questions or want to know which personal data we have about you, please contact us. Please make sure to always clearly state who you are, so that we can be certain that we do not modify or delete any data of the wrong person. We shall provide the requested information only upon receipt of a verifiable consumer request. You can contact us by using the information below. You have the following rights:<\/p><p class=\"cmplz-subtitle\">9.1 You have the following rights with respect to your personal data<\/p><ol class=\"alphabetic\">\n                        <li>You may submit a request for access to the data we process about you.<\/li>\n                        <li>You may object to the processing.<\/li>\n                        <li>You may request an overview, in a commonly used format, of the data we process about you.<\/li>\n                        <li>You may request correction or deletion of the data if it is incorrect or not or no longer relevant, or to ask to restrict the processing of the data.<\/li>\n                      <\/ol><h2>10. Children<\/h2><p>Our website is not designed to attract children and it is not our intent to collect personal data from children under the age of consent in their country of residence. We therefore request that children under the age of consent do not submit any personal data to us.<\/p><h2>11. Contact details<\/h2><p>Francesca Labemano<br \/>\n        Via G.Rossini, 6, 25062 Concesio BS, Italy<br \/>\n        Italia<br \/>\n        Website: <a href=\"https:\/\/francifitness.com\/es\/\">https:\/\/francifitness.com\/es\/<\/a> <br \/>\n        Email: in&#102;o&#064;f&#114;an&#099;ifi&#116;&#110;&#101;s&#115;.&#099;&#111;&#109; <br \/>\n        <br \/>\n        <\/p><h2>12. Data Requests<\/h2><p>For the most frequently submitted requests, we also offer you the possibility to use our data request form<br \/>\t\t\t<div class=\"cmplz-datarequest cmplz-alert\">\n\t\t\t\t<span class=\"cmplz-close\">&times;<\/span>\n\t\t\t\t<span id=\"cmplz-message\"><\/span>\n\t\t\t<\/div>\n\t\t\t<form id=\"cmplz-datarequest-form\">\n\t\t\t\t<input type=\"hidden\" required value=\"us\" name=\"cmplz_datarequest_region\" id=\"cmplz_datarequest_region\">\n\n\t\t\t\t<label for=\"cmplz_datarequest_firstname\" class=\"cmplz-first-name\">Nombre\t\t\t\t\t<input type=\"search\" class=\"datarequest-firstname\" value=\"\" placeholder=\"your first name\" id=\"cmplz_datarequest_firstname\" name=\"cmplz_datarequest_firstname\">\n\t\t\t\t<\/label>\n\t\t\t\t<div>\n\t\t\t\t\t<label for=\"cmplz_datarequest_name\">Nombre<\/label>\n\t\t\t\t\t<input type=\"text\" required value=\"\" placeholder=\"Tu nombre\" id=\"cmplz_datarequest_name\" name=\"cmplz_datarequest_name\">\n\t\t\t\t<\/div>\n\t\t\t\t<div>\n\t\t\t\t\t<label for=\"cmplz_datarequest_email\">Correo electr\u00f3nico<\/label>\n\t\t\t\t\t<input type=\"email\" required value=\"\" placeholder=\"email@email.com\" id=\"cmplz_datarequest_email\" name=\"cmplz_datarequest_email\">\n\t\t\t\t<\/div>\n\t\t\t\t\t\t\t\t\t\t<div class=\"cmplz_datarequest cmplz_datarequest_request_for_access\">\n\t\t\t\t\t\t\t<label for=\"cmplz_datarequest_request_for_access\">\n\t\t\t\t\t\t\t\t<input type=\"checkbox\" value=\"1\" name=\"cmplz_datarequest_request_for_access\" id=\"cmplz_datarequest_request_for_access\" \/>\n\t\t\t\t\t\t\t\tPresentar una solicitud de acceso a los datos que tratamos sobre usted.\t\t\t\t\t\t\t<\/label>\n\t\t\t\t\t\t<\/div>\n\t\t\t\t\t\t\t\t\t\t<div class=\"cmplz_datarequest cmplz_datarequest_right_to_be_forgotten\">\n\t\t\t\t\t\t\t<label for=\"cmplz_datarequest_right_to_be_forgotten\">\n\t\t\t\t\t\t\t\t<input type=\"checkbox\" value=\"1\" name=\"cmplz_datarequest_right_to_be_forgotten\" id=\"cmplz_datarequest_right_to_be_forgotten\" \/>\n\t\t\t\t\t\t\t\tPresentar una solicitud de supresi\u00f3n de los datos si ya no son pertinentes.\t\t\t\t\t\t\t<\/label>\n\t\t\t\t\t\t<\/div>\n\t\t\t\t\t\t\t\t\t\t<div class=\"cmplz_datarequest cmplz_datarequest_right_to_data_portability\">\n\t\t\t\t\t\t\t<label for=\"cmplz_datarequest_right_to_data_portability\">\n\t\t\t\t\t\t\t\t<input type=\"checkbox\" value=\"1\" name=\"cmplz_datarequest_right_to_data_portability\" id=\"cmplz_datarequest_right_to_data_portability\" \/>\n\t\t\t\t\t\t\t\tPresentar una solicitud para recibir un archivo de exportaci\u00f3n de los datos que tratamos sobre usted.\t\t\t\t\t\t\t<\/label>\n\t\t\t\t\t\t<\/div>\n\t\t\t\t\t\t\t\t<input type=\"button\" id=\"cmplz-datarequest-submit\" value=\"Enviar\">\n\t\t\t<\/form>\n\n\t\t\t<style>\n\t\t\t\t\/* first-name is honeypot *\/\n\t\t\t\t.cmplz-first-name {\n\t\t\t\t\tposition: absolute !important;\n\t\t\t\t\tleft: -5000px !important;\n\t\t\t\t}\n\t\t\t<\/style>\n\t\t\t<\/p><\/div>\n","protected":false},"excerpt":{"rendered":"","protected":false},"author":1,"featured_media":0,"parent":0,"menu_order":0,"comment_status":"closed","ping_status":"closed","template":"","meta":{"wprm-recipe-roundup-name":"","wprm-recipe-roundup-description":"","footnotes":""},"class_list":["post-917","page","type-page","status-publish","hentry"],"yoast_head":"<!-- This site is optimized with the Yoast SEO plugin v23.8 - https:\/\/yoast.com\/wordpress\/plugins\/seo\/ -->\n<title>Declaraci\u00f3n de privacidad (US) | Franci Fitness<\/title>\n<meta name=\"robots\" content=\"index, follow, max-snippet:-1, max-image-preview:large, max-video-preview:-1\" \/>\n<link rel=\"canonical\" href=\"https:\/\/francifitness.com\/es\/declaracion-de-privacidad-us\/\" \/>\n<meta property=\"og:locale\" content=\"es_ES\" \/>\n<meta property=\"og:type\" content=\"article\" \/>\n<meta property=\"og:title\" content=\"Declaraci\u00f3n de privacidad (US) | Franci Fitness\" \/>\n<meta property=\"og:url\" content=\"https:\/\/francifitness.com\/es\/declaracion-de-privacidad-us\/\" \/>\n<meta property=\"og:site_name\" content=\"Franci Fitness\" \/>\n<meta property=\"article:publisher\" content=\"https:\/\/www.facebook.com\/francesca.labemano\/\" \/>\n<meta property=\"og:image\" content=\"https:\/\/francifitness.com\/wp-content\/uploads\/2024\/10\/francesca-57.webp\" \/>\n\t<meta property=\"og:image:width\" content=\"768\" \/>\n\t<meta property=\"og:image:height\" content=\"1153\" \/>\n\t<meta property=\"og:image:type\" content=\"image\/webp\" \/>\n<meta name=\"twitter:card\" content=\"summary_large_image\" \/>\n<script type=\"application\/ld+json\" class=\"yoast-schema-graph\">{\"@context\":\"https:\/\/schema.org\",\"@graph\":[{\"@type\":\"WebPage\",\"@id\":\"https:\/\/francifitness.com\/es\/declaracion-de-privacidad-us\/\",\"url\":\"https:\/\/francifitness.com\/es\/declaracion-de-privacidad-us\/\",\"name\":\"Declaraci\u00f3n de privacidad (US) | Franci Fitness\",\"isPartOf\":{\"@id\":\"https:\/\/francifitness.com\/es\/#website\"},\"datePublished\":\"2024-10-18T13:33:24+00:00\",\"dateModified\":\"2024-10-18T13:33:24+00:00\",\"breadcrumb\":{\"@id\":\"https:\/\/francifitness.com\/es\/declaracion-de-privacidad-us\/#breadcrumb\"},\"inLanguage\":\"es\",\"potentialAction\":[{\"@type\":\"ReadAction\",\"target\":[\"https:\/\/francifitness.com\/es\/declaracion-de-privacidad-us\/\"]}]},{\"@type\":\"BreadcrumbList\",\"@id\":\"https:\/\/francifitness.com\/es\/declaracion-de-privacidad-us\/#breadcrumb\",\"itemListElement\":[{\"@type\":\"ListItem\",\"position\":1,\"name\":\"Home\",\"item\":\"https:\/\/francifitness.com\/es\/\"},{\"@type\":\"ListItem\",\"position\":2,\"name\":\"Declaraci\u00f3n de privacidad (US)\"}]},{\"@type\":\"WebSite\",\"@id\":\"https:\/\/francifitness.com\/es\/#website\",\"url\":\"https:\/\/francifitness.com\/es\/\",\"name\":\"Franci Fitness\",\"description\":\"\",\"publisher\":{\"@id\":\"https:\/\/francifitness.com\/es\/#organization\"},\"potentialAction\":[{\"@type\":\"SearchAction\",\"target\":{\"@type\":\"EntryPoint\",\"urlTemplate\":\"https:\/\/francifitness.com\/es\/?s={search_term_string}\"},\"query-input\":{\"@type\":\"PropertyValueSpecification\",\"valueRequired\":true,\"valueName\":\"search_term_string\"}}],\"inLanguage\":\"es\"},{\"@type\":\"Organization\",\"@id\":\"https:\/\/francifitness.com\/es\/#organization\",\"name\":\"Franci Fitness\",\"url\":\"https:\/\/francifitness.com\/es\/\",\"logo\":{\"@type\":\"ImageObject\",\"inLanguage\":\"es\",\"@id\":\"https:\/\/francifitness.com\/es\/#\/schema\/logo\/image\/\",\"url\":\"https:\/\/francifitness.com\/wp-content\/uploads\/2024\/09\/logo.svg\",\"contentUrl\":\"https:\/\/francifitness.com\/wp-content\/uploads\/2024\/09\/logo.svg\",\"width\":283,\"height\":56,\"caption\":\"Franci Fitness\"},\"image\":{\"@id\":\"https:\/\/francifitness.com\/es\/#\/schema\/logo\/image\/\"},\"sameAs\":[\"https:\/\/www.facebook.com\/francesca.labemano\/\",\"https:\/\/www.instagram.com\/francifitness_\/\"]}]}<\/script>\n<!-- \/ Yoast SEO plugin. -->","yoast_head_json":{"title":"Declaraci\u00f3n de privacidad (US) | Franci Fitness","robots":{"index":"index","follow":"follow","max-snippet":"max-snippet:-1","max-image-preview":"max-image-preview:large","max-video-preview":"max-video-preview:-1"},"canonical":"https:\/\/francifitness.com\/es\/declaracion-de-privacidad-us\/","og_locale":"es_ES","og_type":"article","og_title":"Declaraci\u00f3n de privacidad (US) | Franci Fitness","og_url":"https:\/\/francifitness.com\/es\/declaracion-de-privacidad-us\/","og_site_name":"Franci Fitness","article_publisher":"https:\/\/www.facebook.com\/francesca.labemano\/","og_image":[{"width":768,"height":1153,"url":"https:\/\/francifitness.com\/wp-content\/uploads\/2024\/10\/francesca-57.webp","type":"image\/webp"}],"twitter_card":"summary_large_image","schema":{"@context":"https:\/\/schema.org","@graph":[{"@type":"WebPage","@id":"https:\/\/francifitness.com\/es\/declaracion-de-privacidad-us\/","url":"https:\/\/francifitness.com\/es\/declaracion-de-privacidad-us\/","name":"Declaraci\u00f3n de privacidad (US) | Franci Fitness","isPartOf":{"@id":"https:\/\/francifitness.com\/es\/#website"},"datePublished":"2024-10-18T13:33:24+00:00","dateModified":"2024-10-18T13:33:24+00:00","breadcrumb":{"@id":"https:\/\/francifitness.com\/es\/declaracion-de-privacidad-us\/#breadcrumb"},"inLanguage":"es","potentialAction":[{"@type":"ReadAction","target":["https:\/\/francifitness.com\/es\/declaracion-de-privacidad-us\/"]}]},{"@type":"BreadcrumbList","@id":"https:\/\/francifitness.com\/es\/declaracion-de-privacidad-us\/#breadcrumb","itemListElement":[{"@type":"ListItem","position":1,"name":"Home","item":"https:\/\/francifitness.com\/es\/"},{"@type":"ListItem","position":2,"name":"Declaraci\u00f3n de privacidad (US)"}]},{"@type":"WebSite","@id":"https:\/\/francifitness.com\/es\/#website","url":"https:\/\/francifitness.com\/es\/","name":"Franci Fitness","description":"","publisher":{"@id":"https:\/\/francifitness.com\/es\/#organization"},"potentialAction":[{"@type":"SearchAction","target":{"@type":"EntryPoint","urlTemplate":"https:\/\/francifitness.com\/es\/?s={search_term_string}"},"query-input":{"@type":"PropertyValueSpecification","valueRequired":true,"valueName":"search_term_string"}}],"inLanguage":"es"},{"@type":"Organization","@id":"https:\/\/francifitness.com\/es\/#organization","name":"Franci Fitness","url":"https:\/\/francifitness.com\/es\/","logo":{"@type":"ImageObject","inLanguage":"es","@id":"https:\/\/francifitness.com\/es\/#\/schema\/logo\/image\/","url":"https:\/\/francifitness.com\/wp-content\/uploads\/2024\/09\/logo.svg","contentUrl":"https:\/\/francifitness.com\/wp-content\/uploads\/2024\/09\/logo.svg","width":283,"height":56,"caption":"Franci Fitness"},"image":{"@id":"https:\/\/francifitness.com\/es\/#\/schema\/logo\/image\/"},"sameAs":["https:\/\/www.facebook.com\/francesca.labemano\/","https:\/\/www.instagram.com\/francifitness_\/"]}]}},"_links":{"self":[{"href":"https:\/\/francifitness.com\/es\/wp-json\/wp\/v2\/pages\/917"}],"collection":[{"href":"https:\/\/francifitness.com\/es\/wp-json\/wp\/v2\/pages"}],"about":[{"href":"https:\/\/francifitness.com\/es\/wp-json\/wp\/v2\/types\/page"}],"author":[{"embeddable":true,"href":"https:\/\/francifitness.com\/es\/wp-json\/wp\/v2\/users\/1"}],"replies":[{"embeddable":true,"href":"https:\/\/francifitness.com\/es\/wp-json\/wp\/v2\/comments?post=917"}],"version-history":[{"count":0,"href":"https:\/\/francifitness.com\/es\/wp-json\/wp\/v2\/pages\/917\/revisions"}],"wp:attachment":[{"href":"https:\/\/francifitness.com\/es\/wp-json\/wp\/v2\/media?parent=917"}],"curies":[{"name":"wp","href":"https:\/\/api.w.org\/{rel}","templated":true}]}}