{"id":924,"date":"2024-09-13T11:20:35","date_gmt":"2024-09-13T10:20:35","guid":{"rendered":"https:\/\/francifitness.com\/tarjeta-regalo\/"},"modified":"2024-11-19T11:10:07","modified_gmt":"2024-11-19T10:10:07","slug":"tarjeta-regalo","status":"publish","type":"page","link":"https:\/\/francifitness.com\/es\/tarjeta-regalo\/","title":{"rendered":"Tarjeta regalo"},"content":{"rendered":"\t\t<div data-elementor-type=\"wp-page\" data-elementor-id=\"924\" class=\"elementor elementor-924 elementor-16\" data-elementor-post-type=\"page\">\n\t\t\t\t<div class=\"elementor-element elementor-element-a4c785a e-flex e-con-boxed e-con e-parent\" data-id=\"a4c785a\" data-element_type=\"container\">\n\t\t\t\t\t<div class=\"e-con-inner\">\n\t\t\t\t<div class=\"elementor-element elementor-element-9233ab3 elementor-widget elementor-widget-heading\" data-id=\"9233ab3\" data-element_type=\"widget\" data-widget_type=\"heading.default\">\n\t\t\t\t<div class=\"elementor-widget-container\">\n\t\t\t<h1 class=\"elementor-heading-title elementor-size-default\"><span class=\"highlight magenta\">Tarjeta regalo<\/span><\/h1>\t\t<\/div>\n\t\t\t\t<\/div>\n\t\t\t\t<div class=\"elementor-element elementor-element-84b57ca elementor-widget__width-initial elementor-widget-mobile__width-inherit elementor-widget elementor-widget-text-editor\" data-id=\"84b57ca\" data-element_type=\"widget\" data-widget_type=\"text-editor.default\">\n\t\t\t\t<div class=\"elementor-widget-container\">\n\t\t\t\t\t\t\t<p>\u00a1Regala felicidad con la Tarjeta Regalo Franci Fitness!<\/p>\n<p>Cada suscripci\u00f3n incluye acceso ilimitado a sesiones de formaci\u00f3n, clases en directo y todos los obsequios disponibles para los socios. Regala a alguien especial la oportunidad de dedicarse a s\u00ed mismo y vivir cada d\u00eda con energ\u00eda y vitalidad. <\/p>\n<p>Rellene el formulario y, si lo desea, introduzca un mensaje personal que se enviar\u00e1 al destinatario del regalo.<\/p>\n\t\t\t\t\t\t<\/div>\n\t\t\t\t<\/div>\n\t\t\t\t\t<\/div>\n\t\t\t\t<\/div>\n\t\t<div class=\"elementor-element elementor-element-189d3c4 e-flex e-con-boxed e-con e-parent\" data-id=\"189d3c4\" data-element_type=\"container\">\n\t\t\t\t\t<div class=\"e-con-inner\">\n\t\t\t\t<div class=\"elementor-element elementor-element-0e82cd6 elementor-widget elementor-widget-shortcode\" data-id=\"0e82cd6\" data-element_type=\"widget\" data-widget_type=\"shortcode.default\">\n\t\t\t\t<div class=\"elementor-widget-container\">\n\t\t\t\t\t<div class=\"elementor-shortcode\">   <div class=\"gift-up-target\" \r\n            data-site-id=\"127950f7-86a8-4034-aad8-08dd063812f5\" \r\n            data-domain=\"\"\r\n            data-product-id=\"e486d7a3-7fe3-46c9-3bdc-08dd07d3d3b3\"\r\n            data-group-id=\"\"\r\n            data-payment-methods=\"\"\r\n            data-language=\"es-ES\"\r\n            data-purchaser-name=\"\"\r\n            data-purchaser-email=\"\"\r\n            data-recipient-name=\"\"\r\n            data-recipient-email=\"\"\r\n            data-step=\"\"\r\n            data-who-for=\"\"\r\n            data-promo-code=\"\"\r\n            data-hide-artwork=\"\"\r\n            data-hide-groups=\"\"\r\n            data-hide-ungrouped-items=\"\"\r\n            data-hide-custom-value=\"\"\r\n            data-custom-value-amount=\"\"\r\n            data-referrer=\"\"\r\n            data-platform=\"Wordpress\"\r\n        ><\/div>\r\n        <script type=\"text\/javascript\">\r\n        (function (g, i, f, t, u, p, s) {\r\n            g[u] = g[u] || function() { (g[u].q = g[u].q || []).push(arguments) };\r\n            p = i.createElement(f);\r\n            p.async = 1;\r\n            p.src = t;\r\n            s = i.getElementsByTagName(f)[0];\r\n            s.parentNode.insertBefore(p, s);\r\n        })(window, document, 'script', 'https:\/\/cdn.giftup.app\/dist\/gift-up.js', 'giftup');\r\n        <\/script><\/div>\n\t\t\t\t<\/div>\n\t\t\t\t<\/div>\n\t\t\t\t\t<\/div>\n\t\t\t\t<\/div>\n\t\t\t\t<\/div>\n\t\t","protected":false},"excerpt":{"rendered":"<p>Tarjeta regalo \u00a1Regala felicidad con la Tarjeta Regalo Franci Fitness! Cada suscripci\u00f3n incluye acceso ilimitado a sesiones de formaci\u00f3n, clases en directo y todos los obsequios disponibles para los socios. Regala a alguien especial la oportunidad de dedicarse a s\u00ed mismo y vivir cada d\u00eda con energ\u00eda y vitalidad. Rellene el formulario y, si lo [&hellip;]<\/p>\n","protected":false},"author":1,"featured_media":0,"parent":0,"menu_order":0,"comment_status":"closed","ping_status":"closed","template":"elementor_header_footer","meta":{"wprm-recipe-roundup-name":"","wprm-recipe-roundup-description":"","footnotes":""},"class_list":["post-924","page","type-page","status-publish","hentry"],"yoast_head":"<!-- This site is optimized with the Yoast SEO plugin v23.8 - https:\/\/yoast.com\/wordpress\/plugins\/seo\/ -->\n<title>Tarjeta regalo | Franci Fitness<\/title>\n<meta name=\"robots\" content=\"index, follow, max-snippet:-1, max-image-preview:large, max-video-preview:-1\" \/>\n<link rel=\"canonical\" href=\"https:\/\/francifitness.com\/es\/tarjeta-regalo\/\" \/>\n<meta property=\"og:locale\" content=\"es_ES\" \/>\n<meta property=\"og:type\" content=\"article\" \/>\n<meta property=\"og:title\" content=\"Tarjeta regalo | Franci Fitness\" \/>\n<meta property=\"og:description\" content=\"Tarjeta regalo \u00a1Regala felicidad con la Tarjeta Regalo Franci Fitness! Cada suscripci\u00f3n incluye acceso ilimitado a sesiones de formaci\u00f3n, clases en directo y todos los obsequios disponibles para los socios. Regala a alguien especial la oportunidad de dedicarse a s\u00ed mismo y vivir cada d\u00eda con energ\u00eda y vitalidad. Rellene el formulario y, si lo [&hellip;]\" \/>\n<meta property=\"og:url\" content=\"https:\/\/francifitness.com\/es\/tarjeta-regalo\/\" \/>\n<meta property=\"og:site_name\" content=\"Franci Fitness\" \/>\n<meta property=\"article:publisher\" content=\"https:\/\/www.facebook.com\/francesca.labemano\/\" \/>\n<meta property=\"article:modified_time\" content=\"2024-11-19T10:10:07+00:00\" \/>\n<meta property=\"og:image\" content=\"https:\/\/francifitness.com\/wp-content\/uploads\/2024\/10\/francesca-57.webp\" \/>\n\t<meta property=\"og:image:width\" content=\"768\" \/>\n\t<meta property=\"og:image:height\" content=\"1153\" \/>\n\t<meta property=\"og:image:type\" content=\"image\/webp\" \/>\n<meta name=\"twitter:card\" content=\"summary_large_image\" \/>\n<meta name=\"twitter:label1\" content=\"Tiempo de lectura\" \/>\n\t<meta name=\"twitter:data1\" content=\"1 minuto\" \/>\n<script type=\"application\/ld+json\" class=\"yoast-schema-graph\">{\"@context\":\"https:\/\/schema.org\",\"@graph\":[{\"@type\":\"WebPage\",\"@id\":\"https:\/\/francifitness.com\/es\/tarjeta-regalo\/\",\"url\":\"https:\/\/francifitness.com\/es\/tarjeta-regalo\/\",\"name\":\"Tarjeta regalo | Franci Fitness\",\"isPartOf\":{\"@id\":\"https:\/\/francifitness.com\/es\/#website\"},\"datePublished\":\"2024-09-13T10:20:35+00:00\",\"dateModified\":\"2024-11-19T10:10:07+00:00\",\"breadcrumb\":{\"@id\":\"https:\/\/francifitness.com\/es\/tarjeta-regalo\/#breadcrumb\"},\"inLanguage\":\"es\",\"potentialAction\":[{\"@type\":\"ReadAction\",\"target\":[\"https:\/\/francifitness.com\/es\/tarjeta-regalo\/\"]}]},{\"@type\":\"BreadcrumbList\",\"@id\":\"https:\/\/francifitness.com\/es\/tarjeta-regalo\/#breadcrumb\",\"itemListElement\":[{\"@type\":\"ListItem\",\"position\":1,\"name\":\"Home\",\"item\":\"https:\/\/francifitness.com\/es\/\"},{\"@type\":\"ListItem\",\"position\":2,\"name\":\"Tarjeta regalo\"}]},{\"@type\":\"WebSite\",\"@id\":\"https:\/\/francifitness.com\/es\/#website\",\"url\":\"https:\/\/francifitness.com\/es\/\",\"name\":\"Franci Fitness\",\"description\":\"\",\"publisher\":{\"@id\":\"https:\/\/francifitness.com\/es\/#organization\"},\"potentialAction\":[{\"@type\":\"SearchAction\",\"target\":{\"@type\":\"EntryPoint\",\"urlTemplate\":\"https:\/\/francifitness.com\/es\/?s={search_term_string}\"},\"query-input\":{\"@type\":\"PropertyValueSpecification\",\"valueRequired\":true,\"valueName\":\"search_term_string\"}}],\"inLanguage\":\"es\"},{\"@type\":\"Organization\",\"@id\":\"https:\/\/francifitness.com\/es\/#organization\",\"name\":\"Franci Fitness\",\"url\":\"https:\/\/francifitness.com\/es\/\",\"logo\":{\"@type\":\"ImageObject\",\"inLanguage\":\"es\",\"@id\":\"https:\/\/francifitness.com\/es\/#\/schema\/logo\/image\/\",\"url\":\"https:\/\/francifitness.com\/wp-content\/uploads\/2024\/09\/logo.svg\",\"contentUrl\":\"https:\/\/francifitness.com\/wp-content\/uploads\/2024\/09\/logo.svg\",\"width\":283,\"height\":56,\"caption\":\"Franci Fitness\"},\"image\":{\"@id\":\"https:\/\/francifitness.com\/es\/#\/schema\/logo\/image\/\"},\"sameAs\":[\"https:\/\/www.facebook.com\/francesca.labemano\/\",\"https:\/\/www.instagram.com\/francifitness_\/\"]}]}<\/script>\n<!-- \/ Yoast SEO plugin. -->","yoast_head_json":{"title":"Tarjeta regalo | Franci Fitness","robots":{"index":"index","follow":"follow","max-snippet":"max-snippet:-1","max-image-preview":"max-image-preview:large","max-video-preview":"max-video-preview:-1"},"canonical":"https:\/\/francifitness.com\/es\/tarjeta-regalo\/","og_locale":"es_ES","og_type":"article","og_title":"Tarjeta regalo | Franci Fitness","og_description":"Tarjeta regalo \u00a1Regala felicidad con la Tarjeta Regalo Franci Fitness! Cada suscripci\u00f3n incluye acceso ilimitado a sesiones de formaci\u00f3n, clases en directo y todos los obsequios disponibles para los socios. Regala a alguien especial la oportunidad de dedicarse a s\u00ed mismo y vivir cada d\u00eda con energ\u00eda y vitalidad. Rellene el formulario y, si lo [&hellip;]","og_url":"https:\/\/francifitness.com\/es\/tarjeta-regalo\/","og_site_name":"Franci Fitness","article_publisher":"https:\/\/www.facebook.com\/francesca.labemano\/","article_modified_time":"2024-11-19T10:10:07+00:00","og_image":[{"width":768,"height":1153,"url":"https:\/\/francifitness.com\/wp-content\/uploads\/2024\/10\/francesca-57.webp","type":"image\/webp"}],"twitter_card":"summary_large_image","twitter_misc":{"Tiempo de lectura":"1 minuto"},"schema":{"@context":"https:\/\/schema.org","@graph":[{"@type":"WebPage","@id":"https:\/\/francifitness.com\/es\/tarjeta-regalo\/","url":"https:\/\/francifitness.com\/es\/tarjeta-regalo\/","name":"Tarjeta regalo | Franci Fitness","isPartOf":{"@id":"https:\/\/francifitness.com\/es\/#website"},"datePublished":"2024-09-13T10:20:35+00:00","dateModified":"2024-11-19T10:10:07+00:00","breadcrumb":{"@id":"https:\/\/francifitness.com\/es\/tarjeta-regalo\/#breadcrumb"},"inLanguage":"es","potentialAction":[{"@type":"ReadAction","target":["https:\/\/francifitness.com\/es\/tarjeta-regalo\/"]}]},{"@type":"BreadcrumbList","@id":"https:\/\/francifitness.com\/es\/tarjeta-regalo\/#breadcrumb","itemListElement":[{"@type":"ListItem","position":1,"name":"Home","item":"https:\/\/francifitness.com\/es\/"},{"@type":"ListItem","position":2,"name":"Tarjeta regalo"}]},{"@type":"WebSite","@id":"https:\/\/francifitness.com\/es\/#website","url":"https:\/\/francifitness.com\/es\/","name":"Franci Fitness","description":"","publisher":{"@id":"https:\/\/francifitness.com\/es\/#organization"},"potentialAction":[{"@type":"SearchAction","target":{"@type":"EntryPoint","urlTemplate":"https:\/\/francifitness.com\/es\/?s={search_term_string}"},"query-input":{"@type":"PropertyValueSpecification","valueRequired":true,"valueName":"search_term_string"}}],"inLanguage":"es"},{"@type":"Organization","@id":"https:\/\/francifitness.com\/es\/#organization","name":"Franci Fitness","url":"https:\/\/francifitness.com\/es\/","logo":{"@type":"ImageObject","inLanguage":"es","@id":"https:\/\/francifitness.com\/es\/#\/schema\/logo\/image\/","url":"https:\/\/francifitness.com\/wp-content\/uploads\/2024\/09\/logo.svg","contentUrl":"https:\/\/francifitness.com\/wp-content\/uploads\/2024\/09\/logo.svg","width":283,"height":56,"caption":"Franci Fitness"},"image":{"@id":"https:\/\/francifitness.com\/es\/#\/schema\/logo\/image\/"},"sameAs":["https:\/\/www.facebook.com\/francesca.labemano\/","https:\/\/www.instagram.com\/francifitness_\/"]}]}},"_links":{"self":[{"href":"https:\/\/francifitness.com\/es\/wp-json\/wp\/v2\/pages\/924"}],"collection":[{"href":"https:\/\/francifitness.com\/es\/wp-json\/wp\/v2\/pages"}],"about":[{"href":"https:\/\/francifitness.com\/es\/wp-json\/wp\/v2\/types\/page"}],"author":[{"embeddable":true,"href":"https:\/\/francifitness.com\/es\/wp-json\/wp\/v2\/users\/1"}],"replies":[{"embeddable":true,"href":"https:\/\/francifitness.com\/es\/wp-json\/wp\/v2\/comments?post=924"}],"version-history":[{"count":4,"href":"https:\/\/francifitness.com\/es\/wp-json\/wp\/v2\/pages\/924\/revisions"}],"predecessor-version":[{"id":1084,"href":"https:\/\/francifitness.com\/es\/wp-json\/wp\/v2\/pages\/924\/revisions\/1084"}],"wp:attachment":[{"href":"https:\/\/francifitness.com\/es\/wp-json\/wp\/v2\/media?parent=924"}],"curies":[{"name":"wp","href":"https:\/\/api.w.org\/{rel}","templated":true}]}}