{"id":926,"date":"2024-09-13T11:23:06","date_gmt":"2024-09-13T10:23:06","guid":{"rendered":"https:\/\/francifitness.com\/suscripciones\/"},"modified":"2026-03-31T14:26:17","modified_gmt":"2026-03-31T13:26:17","slug":"suscripciones","status":"publish","type":"page","link":"https:\/\/francifitness.com\/es\/suscripciones\/","title":{"rendered":"Suscripciones"},"content":{"rendered":"\t\t<div data-elementor-type=\"wp-page\" data-elementor-id=\"926\" class=\"elementor elementor-926 elementor-20\" data-elementor-post-type=\"page\">\n\t\t\t\t<div class=\"elementor-element elementor-element-af4a1cb e-flex e-con-boxed e-con e-parent\" data-id=\"af4a1cb\" data-element_type=\"container\">\n\t\t\t\t\t<div class=\"e-con-inner\">\n\t\t\t\t<div class=\"elementor-element elementor-element-58be7c6 elementor-widget elementor-widget-heading\" data-id=\"58be7c6\" data-element_type=\"widget\" data-widget_type=\"heading.default\">\n\t\t\t\t<div class=\"elementor-widget-container\">\n\t\t\t<h1 class=\"elementor-heading-title elementor-size-default\"><span class=\"highlight magenta\">Suscripciones<\/span><\/h1>\t\t<\/div>\n\t\t\t\t<\/div>\n\t\t<div class=\"elementor-element elementor-element-bf18bd4 e-con-full e-flex e-con e-child\" data-id=\"bf18bd4\" data-element_type=\"container\" data-settings=\"{&quot;background_background&quot;:&quot;classic&quot;}\">\n\t\t\t\t<div class=\"elementor-element elementor-element-5b271ac e-transform e-transform elementor-widget elementor-widget-price-table\" data-id=\"5b271ac\" data-element_type=\"widget\" data-settings=\"{&quot;_animation&quot;:&quot;none&quot;,&quot;_transform_translateY_effect_hover&quot;:{&quot;unit&quot;:&quot;px&quot;,&quot;size&quot;:-20,&quot;sizes&quot;:[]},&quot;_transform_scale_effect&quot;:{&quot;unit&quot;:&quot;px&quot;,&quot;size&quot;:&quot;&quot;,&quot;sizes&quot;:[]},&quot;_transform_scale_effect_tablet&quot;:{&quot;unit&quot;:&quot;px&quot;,&quot;size&quot;:&quot;&quot;,&quot;sizes&quot;:[]},&quot;_transform_scale_effect_mobile&quot;:{&quot;unit&quot;:&quot;px&quot;,&quot;size&quot;:&quot;&quot;,&quot;sizes&quot;:[]},&quot;_transform_translateX_effect_hover&quot;:{&quot;unit&quot;:&quot;px&quot;,&quot;size&quot;:&quot;&quot;,&quot;sizes&quot;:[]},&quot;_transform_translateX_effect_hover_tablet&quot;:{&quot;unit&quot;:&quot;px&quot;,&quot;size&quot;:&quot;&quot;,&quot;sizes&quot;:[]},&quot;_transform_translateX_effect_hover_mobile&quot;:{&quot;unit&quot;:&quot;px&quot;,&quot;size&quot;:&quot;&quot;,&quot;sizes&quot;:[]},&quot;_transform_translateY_effect_hover_tablet&quot;:{&quot;unit&quot;:&quot;px&quot;,&quot;size&quot;:&quot;&quot;,&quot;sizes&quot;:[]},&quot;_transform_translateY_effect_hover_mobile&quot;:{&quot;unit&quot;:&quot;px&quot;,&quot;size&quot;:&quot;&quot;,&quot;sizes&quot;:[]}}\" data-widget_type=\"price-table.default\">\n\t\t\t\t<div class=\"elementor-widget-container\">\n\t\t\t\n\t\t<div class=\"elementor-price-table\">\n\t\t\t\t\t\t\t<div class=\"elementor-price-table__header\">\n\t\t\t\t\t\t\t\t\t\t\t<h2 class=\"elementor-price-table__heading\">\n\t\t\t\t\t\tSuscripci\u00f3n mensual\t\t\t\t\t\t<\/h2>\n\t\t\t\t\t\n\t\t\t\t\t\t\t\t\t\t\t<span class=\"elementor-price-table__subheading\">\n\t\t\t\t\t\t\tstep by step\t\t\t\t\t\t<\/span>\n\t\t\t\t\t\t\t\t\t<\/div>\n\t\t\t\n\t\t\t<div class=\"elementor-price-table__price\">\n\t\t\t\t\t\t\t\t<span class=\"elementor-price-table__currency\">&#128;<\/span>\t\t\t\t\t\t\t\t\t<span class=\"elementor-price-table__integer-part\">\n\t\t\t\t\t\t16\t\t\t\t\t<\/span>\n\t\t\t\t\n\t\t\t\t\t\t\t\t\t<div class=\"elementor-price-table__after-price\">\n\t\t\t\t\t\t<span class=\"elementor-price-table__fractional-part\">\n\t\t\t\t\t\t\t90\t\t\t\t\t\t<\/span>\n\n\t\t\t\t\t\t\t\t\t\t\t<\/div>\n\t\t\t\t\n\t\t\t\t\n\t\t\t\t\t\t\t\t\t<span class=\"elementor-price-table__period elementor-typo-excluded\">\/ al mes, IVA incluida<\/span>\t\t\t\t\t\t\t<\/div>\n\n\t\t\t\t\t\t\t<ul class=\"elementor-price-table__features-list\">\n\t\t\t\t\t\t\t\t\t\t\t<li class=\"elementor-repeater-item-0b43a3d\">\n\t\t\t\t\t\t\t<div class=\"elementor-price-table__feature-inner\">\n\t\t\t\t\t\t\t\t<svg xmlns=\"http:\/\/www.w3.org\/2000\/svg\" width=\"148\" height=\"95\" viewBox=\"0 0 148 95\" fill=\"none\"><g clip-path=\"url(#clip0_102_104)\"><path d=\"M45.9376 18.1787H57.4101V76.8216H45.9376V18.1787Z\" stroke=\"white\" stroke-width=\"4\"><\/path><path d=\"M67.9154 2H79.388V93H67.9154V2Z\" stroke=\"white\" stroke-width=\"4\"><\/path><path d=\"M89.8932 18.1787H101.366V76.8216H89.8932V18.1787Z\" stroke=\"white\" stroke-width=\"4\"><\/path><path d=\"M111.853 35.9644H123.326V59.0358H111.853V35.9644Z\" stroke=\"white\" stroke-width=\"4\"><\/path><path d=\"M133.831 41.8037H145.303V53.1787H133.831V41.8037Z\" stroke=\"white\" stroke-width=\"4\"><\/path><path d=\"M35.4503 59.0358H23.9778V35.9644H35.4503V59.0358Z\" stroke=\"white\" stroke-width=\"4\"><\/path><path d=\"M13.4725 53.1963H2V41.8213H13.4725V53.1963Z\" stroke=\"white\" stroke-width=\"4\"><\/path><\/g><defs><clipPath id=\"clip0_102_104\"><rect width=\"147.303\" height=\"95\" fill=\"white\"><\/rect><\/clipPath><\/defs><\/svg>\t\t\t\t\t\t\t\t\t\t\t\t\t\t\t\t\t<span >\n\t\t\t\t\t\t\t\t\t\t<strong>Acceso ilimitado<\/strong> a todas las clases durante 1 mes\t\t\t\t\t\t\t\t\t<\/span>\n\t\t\t\t\t\t\t\t\t\t\t\t\t\t\t\t<\/div>\n\t\t\t\t\t\t<\/li>\n\t\t\t\t\t\t\t\t\t\t\t<li class=\"elementor-repeater-item-f540734\">\n\t\t\t\t\t\t\t<div class=\"elementor-price-table__feature-inner\">\n\t\t\t\t\t\t\t\t<svg xmlns=\"http:\/\/www.w3.org\/2000\/svg\" width=\"148\" height=\"95\" viewBox=\"0 0 148 95\" fill=\"none\"><g clip-path=\"url(#clip0_102_104)\"><path d=\"M45.9376 18.1787H57.4101V76.8216H45.9376V18.1787Z\" stroke=\"white\" stroke-width=\"4\"><\/path><path d=\"M67.9154 2H79.388V93H67.9154V2Z\" stroke=\"white\" stroke-width=\"4\"><\/path><path d=\"M89.8932 18.1787H101.366V76.8216H89.8932V18.1787Z\" stroke=\"white\" stroke-width=\"4\"><\/path><path d=\"M111.853 35.9644H123.326V59.0358H111.853V35.9644Z\" stroke=\"white\" stroke-width=\"4\"><\/path><path d=\"M133.831 41.8037H145.303V53.1787H133.831V41.8037Z\" stroke=\"white\" stroke-width=\"4\"><\/path><path d=\"M35.4503 59.0358H23.9778V35.9644H35.4503V59.0358Z\" stroke=\"white\" stroke-width=\"4\"><\/path><path d=\"M13.4725 53.1963H2V41.8213H13.4725V53.1963Z\" stroke=\"white\" stroke-width=\"4\"><\/path><\/g><defs><clipPath id=\"clip0_102_104\"><rect width=\"147.303\" height=\"95\" fill=\"white\"><\/rect><\/clipPath><\/defs><\/svg>\t\t\t\t\t\t\t\t\t\t\t\t\t\t\t\t\t<span >\n\t\t\t\t\t\t\t\t\t\t<strong>3 niveles<\/strong> de formaci\u00f3n (Principiante, Intermedio, Avanzado)\t\t\t\t\t\t\t\t\t<\/span>\n\t\t\t\t\t\t\t\t\t\t\t\t\t\t\t\t<\/div>\n\t\t\t\t\t\t<\/li>\n\t\t\t\t\t\t\t\t\t\t\t<li class=\"elementor-repeater-item-23b923b\">\n\t\t\t\t\t\t\t<div class=\"elementor-price-table__feature-inner\">\n\t\t\t\t\t\t\t\t<svg xmlns=\"http:\/\/www.w3.org\/2000\/svg\" width=\"148\" height=\"95\" viewBox=\"0 0 148 95\" fill=\"none\"><g clip-path=\"url(#clip0_102_104)\"><path d=\"M45.9376 18.1787H57.4101V76.8216H45.9376V18.1787Z\" stroke=\"white\" stroke-width=\"4\"><\/path><path d=\"M67.9154 2H79.388V93H67.9154V2Z\" stroke=\"white\" stroke-width=\"4\"><\/path><path d=\"M89.8932 18.1787H101.366V76.8216H89.8932V18.1787Z\" stroke=\"white\" stroke-width=\"4\"><\/path><path d=\"M111.853 35.9644H123.326V59.0358H111.853V35.9644Z\" stroke=\"white\" stroke-width=\"4\"><\/path><path d=\"M133.831 41.8037H145.303V53.1787H133.831V41.8037Z\" stroke=\"white\" stroke-width=\"4\"><\/path><path d=\"M35.4503 59.0358H23.9778V35.9644H35.4503V59.0358Z\" stroke=\"white\" stroke-width=\"4\"><\/path><path d=\"M13.4725 53.1963H2V41.8213H13.4725V53.1963Z\" stroke=\"white\" stroke-width=\"4\"><\/path><\/g><defs><clipPath id=\"clip0_102_104\"><rect width=\"147.303\" height=\"95\" fill=\"white\"><\/rect><\/clipPath><\/defs><\/svg>\t\t\t\t\t\t\t\t\t\t\t\t\t\t\t\t\t<span >\n\t\t\t\t\t\t\t\t\t\t<strong>Regulaci\u00f3n de los latidos<\/strong> del coraz\u00f3n\t\t\t\t\t\t\t\t\t<\/span>\n\t\t\t\t\t\t\t\t\t\t\t\t\t\t\t\t<\/div>\n\t\t\t\t\t\t<\/li>\n\t\t\t\t\t\t\t\t\t\t\t<li class=\"elementor-repeater-item-daf7216\">\n\t\t\t\t\t\t\t<div class=\"elementor-price-table__feature-inner\">\n\t\t\t\t\t\t\t\t<svg xmlns=\"http:\/\/www.w3.org\/2000\/svg\" width=\"148\" height=\"95\" viewBox=\"0 0 148 95\" fill=\"none\"><g clip-path=\"url(#clip0_102_104)\"><path d=\"M45.9376 18.1787H57.4101V76.8216H45.9376V18.1787Z\" stroke=\"white\" stroke-width=\"4\"><\/path><path d=\"M67.9154 2H79.388V93H67.9154V2Z\" stroke=\"white\" stroke-width=\"4\"><\/path><path d=\"M89.8932 18.1787H101.366V76.8216H89.8932V18.1787Z\" stroke=\"white\" stroke-width=\"4\"><\/path><path d=\"M111.853 35.9644H123.326V59.0358H111.853V35.9644Z\" stroke=\"white\" stroke-width=\"4\"><\/path><path d=\"M133.831 41.8037H145.303V53.1787H133.831V41.8037Z\" stroke=\"white\" stroke-width=\"4\"><\/path><path d=\"M35.4503 59.0358H23.9778V35.9644H35.4503V59.0358Z\" stroke=\"white\" stroke-width=\"4\"><\/path><path d=\"M13.4725 53.1963H2V41.8213H13.4725V53.1963Z\" stroke=\"white\" stroke-width=\"4\"><\/path><\/g><defs><clipPath id=\"clip0_102_104\"><rect width=\"147.303\" height=\"95\" fill=\"white\"><\/rect><\/clipPath><\/defs><\/svg>\t\t\t\t\t\t\t\t\t\t\t\t\t\t\t\t\t<span >\n\t\t\t\t\t\t\t\t\t\t<strong>1 En directo<\/strong> cada mes\t\t\t\t\t\t\t\t\t<\/span>\n\t\t\t\t\t\t\t\t\t\t\t\t\t\t\t\t<\/div>\n\t\t\t\t\t\t<\/li>\n\t\t\t\t\t\t\t\t\t\t\t<li class=\"elementor-repeater-item-6a56a65\">\n\t\t\t\t\t\t\t<div class=\"elementor-price-table__feature-inner\">\n\t\t\t\t\t\t\t\t<svg xmlns=\"http:\/\/www.w3.org\/2000\/svg\" width=\"148\" height=\"95\" viewBox=\"0 0 148 95\" fill=\"none\"><g clip-path=\"url(#clip0_102_104)\"><path d=\"M45.9376 18.1787H57.4101V76.8216H45.9376V18.1787Z\" stroke=\"white\" stroke-width=\"4\"><\/path><path d=\"M67.9154 2H79.388V93H67.9154V2Z\" stroke=\"white\" stroke-width=\"4\"><\/path><path d=\"M89.8932 18.1787H101.366V76.8216H89.8932V18.1787Z\" stroke=\"white\" stroke-width=\"4\"><\/path><path d=\"M111.853 35.9644H123.326V59.0358H111.853V35.9644Z\" stroke=\"white\" stroke-width=\"4\"><\/path><path d=\"M133.831 41.8037H145.303V53.1787H133.831V41.8037Z\" stroke=\"white\" stroke-width=\"4\"><\/path><path d=\"M35.4503 59.0358H23.9778V35.9644H35.4503V59.0358Z\" stroke=\"white\" stroke-width=\"4\"><\/path><path d=\"M13.4725 53.1963H2V41.8213H13.4725V53.1963Z\" stroke=\"white\" stroke-width=\"4\"><\/path><\/g><defs><clipPath id=\"clip0_102_104\"><rect width=\"147.303\" height=\"95\" fill=\"white\"><\/rect><\/clipPath><\/defs><\/svg>\t\t\t\t\t\t\t\t\t\t\t\t\t\t\t\t\t<span >\n\t\t\t\t\t\t\t\t\t\t<strong>1 Circuito Cardio<\/strong> por semana\t\t\t\t\t\t\t\t\t<\/span>\n\t\t\t\t\t\t\t\t\t\t\t\t\t\t\t\t<\/div>\n\t\t\t\t\t\t<\/li>\n\t\t\t\t\t\t\t\t\t\t\t<li class=\"elementor-repeater-item-30c62f5\">\n\t\t\t\t\t\t\t<div class=\"elementor-price-table__feature-inner\">\n\t\t\t\t\t\t\t\t<svg xmlns=\"http:\/\/www.w3.org\/2000\/svg\" width=\"148\" height=\"95\" viewBox=\"0 0 148 95\" fill=\"none\"><g clip-path=\"url(#clip0_102_104)\"><path d=\"M45.9376 18.1787H57.4101V76.8216H45.9376V18.1787Z\" stroke=\"white\" stroke-width=\"4\"><\/path><path d=\"M67.9154 2H79.388V93H67.9154V2Z\" stroke=\"white\" stroke-width=\"4\"><\/path><path d=\"M89.8932 18.1787H101.366V76.8216H89.8932V18.1787Z\" stroke=\"white\" stroke-width=\"4\"><\/path><path d=\"M111.853 35.9644H123.326V59.0358H111.853V35.9644Z\" stroke=\"white\" stroke-width=\"4\"><\/path><path d=\"M133.831 41.8037H145.303V53.1787H133.831V41.8037Z\" stroke=\"white\" stroke-width=\"4\"><\/path><path d=\"M35.4503 59.0358H23.9778V35.9644H35.4503V59.0358Z\" stroke=\"white\" stroke-width=\"4\"><\/path><path d=\"M13.4725 53.1963H2V41.8213H13.4725V53.1963Z\" stroke=\"white\" stroke-width=\"4\"><\/path><\/g><defs><clipPath id=\"clip0_102_104\"><rect width=\"147.303\" height=\"95\" fill=\"white\"><\/rect><\/clipPath><\/defs><\/svg>\t\t\t\t\t\t\t\t\t\t\t\t\t\t\t\t\t<span >\n\t\t\t\t\t\t\t\t\t\t<strong>1 Circuito de tonificaci\u00f3n<\/strong> por semana\t\t\t\t\t\t\t\t\t<\/span>\n\t\t\t\t\t\t\t\t\t\t\t\t\t\t\t\t<\/div>\n\t\t\t\t\t\t<\/li>\n\t\t\t\t\t\t\t\t\t<\/ul>\n\t\t\t\n\t\t\t\t\t\t\t<div class=\"elementor-price-table__footer\">\n\t\t\t\t\t\t\t\t\t\t\t<a class=\"elementor-price-table__button elementor-button elementor-size-md\" href=\"https:\/\/studio.francifitness.com\/offers\/Mz6TJYa3\">\n\t\t\t\t\t\t\tComenzar ahora\t\t\t\t\t\t<\/a>\n\t\t\t\t\t\n\t\t\t\t\t\t\t\t\t\t\t<div class=\"elementor-price-table__additional_info\">\n\t\t\t\t\t\t\taprovecha 7 d\u00edas de prueba gratuita\t\t\t\t\t\t<\/div>\n\t\t\t\t\t\t\t\t\t<\/div>\n\t\t\t\t\t<\/div>\n\n\t\t\t\t<\/div>\n\t\t\t\t<\/div>\n\t\t\t\t<\/div>\n\t\t\t\t\t<\/div>\n\t\t\t\t<\/div>\n\t\t\t\t<\/div>\n\t\t","protected":false},"excerpt":{"rendered":"<p>Suscripciones Suscripci\u00f3n mensual step by step &#8364; 16 90 \/ al mes, IVA incluida Acceso ilimitado a todas las clases durante 1 mes 3 niveles de formaci\u00f3n (Principiante, Intermedio, Avanzado) Regulaci\u00f3n de los latidos del coraz\u00f3n 1 En directo cada mes 1 Circuito Cardio por semana 1 Circuito de tonificaci\u00f3n por semana Comenzar ahora aprovecha [&hellip;]<\/p>\n","protected":false},"author":1,"featured_media":0,"parent":0,"menu_order":0,"comment_status":"closed","ping_status":"closed","template":"elementor_header_footer","meta":{"wprm-recipe-roundup-name":"","wprm-recipe-roundup-description":"","footnotes":""},"class_list":["post-926","page","type-page","status-publish","hentry"],"yoast_head":"<!-- This site is optimized with the Yoast SEO plugin v23.8 - https:\/\/yoast.com\/wordpress\/plugins\/seo\/ -->\n<title>Suscripciones | Franci Fitness<\/title>\n<meta name=\"robots\" content=\"index, follow, max-snippet:-1, max-image-preview:large, max-video-preview:-1\" \/>\n<link rel=\"canonical\" href=\"https:\/\/francifitness.com\/es\/suscripciones\/\" \/>\n<meta property=\"og:locale\" content=\"es_ES\" \/>\n<meta property=\"og:type\" content=\"article\" \/>\n<meta property=\"og:title\" content=\"Suscripciones | Franci Fitness\" \/>\n<meta property=\"og:description\" content=\"Suscripciones Suscripci\u00f3n mensual step by step &#8364; 16 90 \/ al mes, IVA incluida Acceso ilimitado a todas las clases durante 1 mes 3 niveles de formaci\u00f3n (Principiante, Intermedio, Avanzado) Regulaci\u00f3n de los latidos del coraz\u00f3n 1 En directo cada mes 1 Circuito Cardio por semana 1 Circuito de tonificaci\u00f3n por semana Comenzar ahora aprovecha [&hellip;]\" \/>\n<meta property=\"og:url\" content=\"https:\/\/francifitness.com\/es\/suscripciones\/\" \/>\n<meta property=\"og:site_name\" content=\"Franci Fitness\" \/>\n<meta property=\"article:publisher\" content=\"https:\/\/www.facebook.com\/francesca.labemano\/\" \/>\n<meta property=\"article:modified_time\" content=\"2026-03-31T13:26:17+00:00\" \/>\n<meta property=\"og:image\" content=\"https:\/\/francifitness.com\/wp-content\/uploads\/2024\/10\/francesca-57.webp\" \/>\n\t<meta property=\"og:image:width\" content=\"768\" \/>\n\t<meta property=\"og:image:height\" content=\"1153\" \/>\n\t<meta property=\"og:image:type\" content=\"image\/webp\" \/>\n<meta name=\"twitter:card\" content=\"summary_large_image\" \/>\n<meta name=\"twitter:label1\" content=\"Tiempo de lectura\" \/>\n\t<meta name=\"twitter:data1\" content=\"1 minuto\" \/>\n<script type=\"application\/ld+json\" class=\"yoast-schema-graph\">{\"@context\":\"https:\/\/schema.org\",\"@graph\":[{\"@type\":\"WebPage\",\"@id\":\"https:\/\/francifitness.com\/es\/suscripciones\/\",\"url\":\"https:\/\/francifitness.com\/es\/suscripciones\/\",\"name\":\"Suscripciones | Franci Fitness\",\"isPartOf\":{\"@id\":\"https:\/\/francifitness.com\/es\/#website\"},\"datePublished\":\"2024-09-13T10:23:06+00:00\",\"dateModified\":\"2026-03-31T13:26:17+00:00\",\"breadcrumb\":{\"@id\":\"https:\/\/francifitness.com\/es\/suscripciones\/#breadcrumb\"},\"inLanguage\":\"es\",\"potentialAction\":[{\"@type\":\"ReadAction\",\"target\":[\"https:\/\/francifitness.com\/es\/suscripciones\/\"]}]},{\"@type\":\"BreadcrumbList\",\"@id\":\"https:\/\/francifitness.com\/es\/suscripciones\/#breadcrumb\",\"itemListElement\":[{\"@type\":\"ListItem\",\"position\":1,\"name\":\"Home\",\"item\":\"https:\/\/francifitness.com\/es\/\"},{\"@type\":\"ListItem\",\"position\":2,\"name\":\"Suscripciones\"}]},{\"@type\":\"WebSite\",\"@id\":\"https:\/\/francifitness.com\/es\/#website\",\"url\":\"https:\/\/francifitness.com\/es\/\",\"name\":\"Franci Fitness\",\"description\":\"\",\"publisher\":{\"@id\":\"https:\/\/francifitness.com\/es\/#organization\"},\"potentialAction\":[{\"@type\":\"SearchAction\",\"target\":{\"@type\":\"EntryPoint\",\"urlTemplate\":\"https:\/\/francifitness.com\/es\/?s={search_term_string}\"},\"query-input\":{\"@type\":\"PropertyValueSpecification\",\"valueRequired\":true,\"valueName\":\"search_term_string\"}}],\"inLanguage\":\"es\"},{\"@type\":\"Organization\",\"@id\":\"https:\/\/francifitness.com\/es\/#organization\",\"name\":\"Franci Fitness\",\"url\":\"https:\/\/francifitness.com\/es\/\",\"logo\":{\"@type\":\"ImageObject\",\"inLanguage\":\"es\",\"@id\":\"https:\/\/francifitness.com\/es\/#\/schema\/logo\/image\/\",\"url\":\"https:\/\/francifitness.com\/wp-content\/uploads\/2024\/09\/logo.svg\",\"contentUrl\":\"https:\/\/francifitness.com\/wp-content\/uploads\/2024\/09\/logo.svg\",\"width\":283,\"height\":56,\"caption\":\"Franci Fitness\"},\"image\":{\"@id\":\"https:\/\/francifitness.com\/es\/#\/schema\/logo\/image\/\"},\"sameAs\":[\"https:\/\/www.facebook.com\/francesca.labemano\/\",\"https:\/\/www.instagram.com\/francifitness_\/\"]}]}<\/script>\n<!-- \/ Yoast SEO plugin. -->","yoast_head_json":{"title":"Suscripciones | Franci Fitness","robots":{"index":"index","follow":"follow","max-snippet":"max-snippet:-1","max-image-preview":"max-image-preview:large","max-video-preview":"max-video-preview:-1"},"canonical":"https:\/\/francifitness.com\/es\/suscripciones\/","og_locale":"es_ES","og_type":"article","og_title":"Suscripciones | Franci Fitness","og_description":"Suscripciones Suscripci\u00f3n mensual step by step &#8364; 16 90 \/ al mes, IVA incluida Acceso ilimitado a todas las clases durante 1 mes 3 niveles de formaci\u00f3n (Principiante, Intermedio, Avanzado) Regulaci\u00f3n de los latidos del coraz\u00f3n 1 En directo cada mes 1 Circuito Cardio por semana 1 Circuito de tonificaci\u00f3n por semana Comenzar ahora aprovecha [&hellip;]","og_url":"https:\/\/francifitness.com\/es\/suscripciones\/","og_site_name":"Franci Fitness","article_publisher":"https:\/\/www.facebook.com\/francesca.labemano\/","article_modified_time":"2026-03-31T13:26:17+00:00","og_image":[{"width":768,"height":1153,"url":"https:\/\/francifitness.com\/wp-content\/uploads\/2024\/10\/francesca-57.webp","type":"image\/webp"}],"twitter_card":"summary_large_image","twitter_misc":{"Tiempo de lectura":"1 minuto"},"schema":{"@context":"https:\/\/schema.org","@graph":[{"@type":"WebPage","@id":"https:\/\/francifitness.com\/es\/suscripciones\/","url":"https:\/\/francifitness.com\/es\/suscripciones\/","name":"Suscripciones | Franci Fitness","isPartOf":{"@id":"https:\/\/francifitness.com\/es\/#website"},"datePublished":"2024-09-13T10:23:06+00:00","dateModified":"2026-03-31T13:26:17+00:00","breadcrumb":{"@id":"https:\/\/francifitness.com\/es\/suscripciones\/#breadcrumb"},"inLanguage":"es","potentialAction":[{"@type":"ReadAction","target":["https:\/\/francifitness.com\/es\/suscripciones\/"]}]},{"@type":"BreadcrumbList","@id":"https:\/\/francifitness.com\/es\/suscripciones\/#breadcrumb","itemListElement":[{"@type":"ListItem","position":1,"name":"Home","item":"https:\/\/francifitness.com\/es\/"},{"@type":"ListItem","position":2,"name":"Suscripciones"}]},{"@type":"WebSite","@id":"https:\/\/francifitness.com\/es\/#website","url":"https:\/\/francifitness.com\/es\/","name":"Franci Fitness","description":"","publisher":{"@id":"https:\/\/francifitness.com\/es\/#organization"},"potentialAction":[{"@type":"SearchAction","target":{"@type":"EntryPoint","urlTemplate":"https:\/\/francifitness.com\/es\/?s={search_term_string}"},"query-input":{"@type":"PropertyValueSpecification","valueRequired":true,"valueName":"search_term_string"}}],"inLanguage":"es"},{"@type":"Organization","@id":"https:\/\/francifitness.com\/es\/#organization","name":"Franci Fitness","url":"https:\/\/francifitness.com\/es\/","logo":{"@type":"ImageObject","inLanguage":"es","@id":"https:\/\/francifitness.com\/es\/#\/schema\/logo\/image\/","url":"https:\/\/francifitness.com\/wp-content\/uploads\/2024\/09\/logo.svg","contentUrl":"https:\/\/francifitness.com\/wp-content\/uploads\/2024\/09\/logo.svg","width":283,"height":56,"caption":"Franci Fitness"},"image":{"@id":"https:\/\/francifitness.com\/es\/#\/schema\/logo\/image\/"},"sameAs":["https:\/\/www.facebook.com\/francesca.labemano\/","https:\/\/www.instagram.com\/francifitness_\/"]}]}},"_links":{"self":[{"href":"https:\/\/francifitness.com\/es\/wp-json\/wp\/v2\/pages\/926"}],"collection":[{"href":"https:\/\/francifitness.com\/es\/wp-json\/wp\/v2\/pages"}],"about":[{"href":"https:\/\/francifitness.com\/es\/wp-json\/wp\/v2\/types\/page"}],"author":[{"embeddable":true,"href":"https:\/\/francifitness.com\/es\/wp-json\/wp\/v2\/users\/1"}],"replies":[{"embeddable":true,"href":"https:\/\/francifitness.com\/es\/wp-json\/wp\/v2\/comments?post=926"}],"version-history":[{"count":5,"href":"https:\/\/francifitness.com\/es\/wp-json\/wp\/v2\/pages\/926\/revisions"}],"predecessor-version":[{"id":1351,"href":"https:\/\/francifitness.com\/es\/wp-json\/wp\/v2\/pages\/926\/revisions\/1351"}],"wp:attachment":[{"href":"https:\/\/francifitness.com\/es\/wp-json\/wp\/v2\/media?parent=926"}],"curies":[{"name":"wp","href":"https:\/\/api.w.org\/{rel}","templated":true}]}}